{"id":2195,"date":"2023-08-21T06:48:39","date_gmt":"2023-08-21T06:48:39","guid":{"rendered":"https:\/\/gsd-eu.org\/?page_id=2195"},"modified":"2023-08-21T06:48:39","modified_gmt":"2023-08-21T06:48:39","slug":"smarta-kartan-the-smart-map","status":"publish","type":"page","link":"https:\/\/disc-eu.org\/index.php\/smarta-kartan-the-smart-map\/","title":{"rendered":"Smarta Kartan \u2013 The Smart Map"},"content":{"rendered":"\t\t<div data-elementor-type=\"wp-page\" data-elementor-id=\"2195\" class=\"elementor elementor-2195\">\n\t\t\t\t\t\t<section class=\"elementor-section elementor-top-section elementor-element elementor-element-66abdeba elementor-section-boxed elementor-section-height-default elementor-section-height-default\" data-id=\"66abdeba\" data-element_type=\"section\" data-e-type=\"section\">\n\t\t\t\t\t\t<div class=\"elementor-container elementor-column-gap-default\">\n\t\t\t\t\t<div class=\"elementor-column elementor-col-50 elementor-top-column elementor-element elementor-element-458e885a\" data-id=\"458e885a\" data-element_type=\"column\" data-e-type=\"column\">\n\t\t\t<div class=\"elementor-widget-wrap elementor-element-populated\">\n\t\t\t\t\t\t<div class=\"elementor-element elementor-element-7ba05722 elementor-widget elementor-widget-heading\" data-id=\"7ba05722\" data-element_type=\"widget\" data-e-type=\"widget\" data-widget_type=\"heading.default\">\n\t\t\t\t<div class=\"elementor-widget-container\">\n\t\t\t\t\t<h3 class=\"elementor-heading-title elementor-size-default\">Smarta Kartan \u2013 The Smart Map<\/h3>\t\t\t\t<\/div>\n\t\t\t\t<\/div>\n\t\t\t\t<div class=\"elementor-element elementor-element-1ededfcd elementor-widget-divider--view-line elementor-widget elementor-widget-divider\" data-id=\"1ededfcd\" data-element_type=\"widget\" data-e-type=\"widget\" data-widget_type=\"divider.default\">\n\t\t\t\t<div class=\"elementor-widget-container\">\n\t\t\t\t\t\t\t<div class=\"elementor-divider\">\n\t\t\t<span class=\"elementor-divider-separator\">\n\t\t\t\t\t\t<\/span>\n\t\t<\/div>\n\t\t\t\t\t\t<\/div>\n\t\t\t\t<\/div>\n\t\t\t\t\t<\/div>\n\t\t<\/div>\n\t\t\t\t<div class=\"elementor-column elementor-col-50 elementor-top-column elementor-element elementor-element-6d1fbc6a\" data-id=\"6d1fbc6a\" data-element_type=\"column\" data-e-type=\"column\">\n\t\t\t<div class=\"elementor-widget-wrap elementor-element-populated\">\n\t\t\t\t\t\t<div class=\"elementor-element elementor-element-71b8e1fc elementor-widget elementor-widget-image\" data-id=\"71b8e1fc\" data-element_type=\"widget\" data-e-type=\"widget\" data-widget_type=\"image.default\">\n\t\t\t\t<div class=\"elementor-widget-container\">\n\t\t\t\t\t\t\t\t\t\t\t\t\t\t\t<img decoding=\"async\" src=\"https:\/\/gsd-eu.org\/wp-content\/uploads\/2023\/08\/s-map_logo.png\" title=\"\" alt=\"\" loading=\"lazy\" \/>\t\t\t\t\t\t\t\t\t\t\t\t\t\t\t<\/div>\n\t\t\t\t<\/div>\n\t\t\t\t\t<\/div>\n\t\t<\/div>\n\t\t\t\t\t<\/div>\n\t\t<\/section>\n\t\t\t\t<section class=\"elementor-section elementor-top-section elementor-element elementor-element-4e9f4ccb elementor-section-boxed elementor-section-height-default elementor-section-height-default\" data-id=\"4e9f4ccb\" data-element_type=\"section\" data-e-type=\"section\">\n\t\t\t\t\t\t<div class=\"elementor-container elementor-column-gap-default\">\n\t\t\t\t\t<div class=\"elementor-column elementor-col-50 elementor-top-column elementor-element elementor-element-129752d7\" data-id=\"129752d7\" data-element_type=\"column\" data-e-type=\"column\">\n\t\t\t<div class=\"elementor-widget-wrap elementor-element-populated\">\n\t\t\t\t\t\t<div class=\"elementor-element elementor-element-4e3ef821 elementor-widget elementor-widget-image\" data-id=\"4e3ef821\" data-element_type=\"widget\" data-e-type=\"widget\" data-widget_type=\"image.default\">\n\t\t\t\t<div class=\"elementor-widget-container\">\n\t\t\t\t\t\t\t\t\t\t\t\t\t\t\t<img decoding=\"async\" src=\"https:\/\/gsd-eu.org\/wp-content\/uploads\/2023\/08\/s-map_7.png\" title=\"\" alt=\"\" loading=\"lazy\" \/>\t\t\t\t\t\t\t\t\t\t\t\t\t\t\t<\/div>\n\t\t\t\t<\/div>\n\t\t\t\t\t<\/div>\n\t\t<\/div>\n\t\t\t\t<div class=\"elementor-column elementor-col-50 elementor-top-column elementor-element elementor-element-5fd2fdeb\" data-id=\"5fd2fdeb\" data-element_type=\"column\" data-e-type=\"column\">\n\t\t\t<div class=\"elementor-widget-wrap elementor-element-populated\">\n\t\t\t\t\t\t<div class=\"elementor-element elementor-element-4cb94ea7 elementor-widget elementor-widget-text-editor\" data-id=\"4cb94ea7\" data-element_type=\"widget\" data-e-type=\"widget\" data-widget_type=\"text-editor.default\">\n\t\t\t\t<div class=\"elementor-widget-container\">\n\t\t\t\t\t\t\t\t\t<p>The Smart Map is a mapping of initiatives that promotes access over ownership, for instance bike kitchens where volunteers show you how to fix your bike, electric car pools, and solidarity fridges where anybody can leave and pick up food.<\/p><p>The first Smart Map was\u00a0created through\u00a0a collaboration in an idea-based\u00a0public\u00a0partnership\u00a0(\u00a0IOP\u00a0)\u00a0between\u00a0the\u00a0non\u00a0&#8211;\u00a0profit association\u00a0Kollaborativ Ekonomi\u00a0S\u00a0v\u00a0e\u00a0r\u00a0i\u00a0g\u00a0e\u00a0(\u00a0then\u00a0Gothenburg\u00a0)\u00a0and\u00a0the\u00a0City\u00a0of\u00a0Gothenburg , the consumer and citizen service administration\u00a0.\u00a0Since then, Smarta Kartan has grown to include more areas in Sweden.\u00a0At the time of writing, G\u00e4vle, Gothenburg, Karlstad, Malm\u00f6, Stockholm, Sjuh\u00e4rad.<\/p><p>By making the activities, places and networks of the sharing economy visible, Smarta Kartan wants to encourage community, new meetings and access over ownership.\u00a0On the map you will find, among other things, bicycle kitchens, exchange groups, free shops, car pools and various digital platforms.<\/p>\t\t\t\t\t\t\t\t<\/div>\n\t\t\t\t<\/div>\n\t\t\t\t\t<\/div>\n\t\t<\/div>\n\t\t\t\t\t<\/div>\n\t\t<\/section>\n\t\t\t\t<section class=\"elementor-section elementor-top-section elementor-element elementor-element-55044e12 elementor-section-boxed elementor-section-height-default elementor-section-height-default\" data-id=\"55044e12\" data-element_type=\"section\" data-e-type=\"section\">\n\t\t\t\t\t\t<div class=\"elementor-container elementor-column-gap-default\">\n\t\t\t\t\t<div class=\"elementor-column elementor-col-100 elementor-top-column elementor-element elementor-element-5e89ef07\" data-id=\"5e89ef07\" data-element_type=\"column\" data-e-type=\"column\">\n\t\t\t<div class=\"elementor-widget-wrap elementor-element-populated\">\n\t\t\t\t\t\t<div class=\"elementor-element elementor-element-c1e64c0 elementor-widget-divider--view-line elementor-widget elementor-widget-divider\" data-id=\"c1e64c0\" data-element_type=\"widget\" data-e-type=\"widget\" data-widget_type=\"divider.default\">\n\t\t\t\t<div class=\"elementor-widget-container\">\n\t\t\t\t\t\t\t<div class=\"elementor-divider\">\n\t\t\t<span class=\"elementor-divider-separator\">\n\t\t\t\t\t\t<\/span>\n\t\t<\/div>\n\t\t\t\t\t\t<\/div>\n\t\t\t\t<\/div>\n\t\t\t\t<div class=\"elementor-element elementor-element-1b5c8da3 elementor-widget elementor-widget-eael-adv-tabs\" data-id=\"1b5c8da3\" data-element_type=\"widget\" data-e-type=\"widget\" data-widget_type=\"eael-adv-tabs.default\">\n\t\t\t\t<div class=\"elementor-widget-container\">\n\t\t\t\t\t        <div data-scroll-on-click=\"no\" data-scroll-speed=\"300\" id=\"eael-advance-tabs-1b5c8da3\" class=\"eael-advance-tabs eael-tabs-horizontal eael-tab-auto-active \" data-tabid=\"1b5c8da3\">\n            <div class=\"eael-tabs-nav \">\n                <ul class=\"eael-tab-inline-icon\" role=\"tablist\">\n                                            <li id=\"more-info\" class=\"inactive eael-tab-item-trigger eael-tab-nav-item\" aria-selected=\"true\" data-tab=\"1\" role=\"tab\" tabindex=\"0\" aria-controls=\"more-info-tab\" aria-expanded=\"false\">\n                            \n                                                                <i class=\"fas fa-info-circle\"><\/i>                                                            \n                                                            <span class=\"eael-tab-title title-after-icon\" >More Info<\/span>                            \n                                                    <\/li>\n                                            <li id=\"gallery\" class=\"inactive eael-tab-item-trigger eael-tab-nav-item\" aria-selected=\"false\" data-tab=\"2\" role=\"tab\" tabindex=\"-1\" aria-controls=\"gallery-tab\" aria-expanded=\"false\">\n                            \n                                                                <i class=\"fas fa-images\"><\/i>                                                            \n                                                            <span class=\"eael-tab-title title-after-icon\" >Gallery<\/span>                            \n                                                    <\/li>\n                                            <li id=\"interview\" class=\"inactive eael-tab-item-trigger eael-tab-nav-item\" aria-selected=\"false\" data-tab=\"3\" role=\"tab\" tabindex=\"-1\" aria-controls=\"interview-tab\" aria-expanded=\"false\">\n                            \n                                                                <i class=\"fas fa-microphone\"><\/i>                                                            \n                                                            <span class=\"eael-tab-title title-after-icon\" >Interview<\/span>                            \n                                                    <\/li>\n                                            <li id=\"contact\" class=\"inactive eael-tab-item-trigger eael-tab-nav-item\" aria-selected=\"false\" data-tab=\"4\" role=\"tab\" tabindex=\"-1\" aria-controls=\"contact-tab\" aria-expanded=\"false\">\n                            \n                                                                <i class=\"fas fa-address-card\"><\/i>                                                            \n                                                            <span class=\"eael-tab-title title-after-icon\" >Contact<\/span>                            \n                                                    <\/li>\n                    \n                                  <\/ul>\n            <\/div>\n            \n            <div class=\"eael-tabs-content\">\n\t\t        \n                    <div id=\"more-info-tab\" class=\"clearfix eael-tab-content-item inactive\" data-title-link=\"more-info-tab\">\n\t\t\t\t        <p><span style=\"text-decoration: underline\">Challenge<\/span><\/p><p><span style=\"font-weight: 400\">Our mission is to connect people and facilitate a sustainable lifestyle by increasing participation in the close sharing economy.<\/span><\/p><p><span style=\"text-decoration: underline\">Target group<\/span><\/p><p><span style=\"font-weight: 400\">The main target groups are students aged 18-30 and people who are financially conscious, driven by desire or need. The secondary target groups are people who are involved with the initiatives they map.<\/span><\/p><p><span style=\"text-decoration: underline\">Solution<\/span><\/p><p><span style=\"font-weight: 400\">The Smart Map is offered in a number of geographic areas in Sweden, but might grow internationally within the next couple of years, where volunteers show you how to fix your bike, electric car pools, and solidarity fridges where anybody can leave and pick up food.<\/span><\/p><p><span style=\"text-decoration: underline\">Innovation<\/span><\/p><p><span style=\"font-weight: 400\">The selection is based on our criteria. Our curation is key. <\/span><\/p><p><span style=\"text-decoration: underline\">Unique Selling Point<\/span><\/p><ul><li style=\"font-weight: 400\"><span style=\"font-weight: 400\">The Smart Map is a digital platform that uses interactive maps to display information about sustainable resources and services in a local area. This makes it easy for users to access information and resources that can help them make more sustainable choices.<\/span><\/li><li style=\"font-weight: 400\"><span style=\"font-weight: 400\">The Smart Map allows users to provide feedback and suggestions for improving sustainability in their local area. This feedback is used to improve the accuracy and usefulness of the platform over time.<\/span><\/li><li style=\"font-weight: 400\"><span style=\"font-weight: 400\">The Smart Map promotes collaboration between local stakeholders, including residents, businesses, and community organizations. By bringing these groups together, the Smart Map creates a network of support for sustainable urban development.<\/span><\/li><\/ul><p><span style=\"text-decoration: underline\">Impact<\/span><\/p><p><span style=\"font-weight: 400\">We encourage people to live within the planet\u2019s resources by sharing them and minimising waste. The initiatives also often become a social space without the need for consumption.<\/span><\/p><p><span style=\"text-decoration: underline\">Feasibility \/ Transferability<\/span><\/p><p><span style=\"font-weight: 400\">The Smart Map is digital and accessible, but it has only spots in Sweden.\u00a0 The platform may need to be adapted to local cultural norms and practices to be effective.<\/span><\/p>                    <\/div>\n\t\t        \n                    <div id=\"gallery-tab\" class=\"clearfix eael-tab-content-item inactive\" data-title-link=\"gallery-tab\">\n\t\t\t\t                            <\/div>\n\t\t        \n                    <div id=\"interview-tab\" class=\"clearfix eael-tab-content-item inactive\" data-title-link=\"interview-tab\">\n\t\t\t\t        <p><iframe title=\"Gothenburg - \u2018Smart map\u2019 - EUROCITIES 2017 AWARDS\" width=\"1290\" height=\"726\" src=\"https:\/\/www.youtube.com\/embed\/bjBsOu492BU?feature=oembed\" frameborder=\"0\" allow=\"accelerometer; autoplay; clipboard-write; encrypted-media; gyroscope; picture-in-picture; web-share\" allowfullscreen><\/iframe><\/p>                    <\/div>\n\t\t        \n                    <div id=\"contact-tab\" class=\"clearfix eael-tab-content-item inactive\" data-title-link=\"contact-tab\">\n\t\t\t\t        <p><a href=\"https:\/\/www.smartakartan.se\/kontakt\/\"><span style=\"font-weight: 400\">https:\/\/www.smartakartan.se\/kontakt\/<\/span><\/a><span style=\"font-weight: 400\">\u00a0<\/span><\/p><p><b>Robin Olsson<\/b><span style=\"font-weight: 400\"><br \/><\/span><span style=\"font-weight: 400\">Chairman, Collaborative Economy Gothenburg<\/span><span style=\"font-weight: 400\"><br \/><\/span><i><span style=\"font-weight: 400\">Sharing culture, communication, editor<\/span><\/i><i><span style=\"font-weight: 400\"><br \/><\/span><\/i><span style=\"font-weight: 400\">robin\u00a0@kollekogbg.se<\/span><\/p><p><b>Jonathan Mattebo Persson<\/b><span style=\"font-weight: 400\"><br \/><\/span><span style=\"font-weight: 400\">Co-founder, Collaborative Economy Gothenburg<\/span><span style=\"font-weight: 400\"><br \/><\/span><i><span style=\"font-weight: 400\">Project manager and concept developer Smarta Kartan<\/span><\/i><i><span style=\"font-weight: 400\"><br \/><\/span><\/i><span style=\"font-weight: 400\">jmp@kollekogbg.se<\/span><span style=\"font-weight: 400\"><br \/><\/span><span style=\"font-weight: 400\">+46 700 10 90 80<\/span><\/p>                    <\/div>\n\t\t                    <\/div>\n        <\/div>\n\t\t\t\t<\/div>\n\t\t\t\t<\/div>\n\t\t\t\t\t<\/div>\n\t\t<\/div>\n\t\t\t\t\t<\/div>\n\t\t<\/section>\n\t\t\t\t<section class=\"elementor-section elementor-top-section elementor-element elementor-element-6ea11b77 elementor-section-boxed elementor-section-height-default elementor-section-height-default\" data-id=\"6ea11b77\" data-element_type=\"section\" data-e-type=\"section\">\n\t\t\t\t\t\t<div class=\"elementor-container elementor-column-gap-default\">\n\t\t\t\t\t<div class=\"elementor-column elementor-col-100 elementor-top-column elementor-element elementor-element-4051184a\" data-id=\"4051184a\" data-element_type=\"column\" data-e-type=\"column\">\n\t\t\t<div class=\"elementor-widget-wrap elementor-element-populated\">\n\t\t\t\t\t\t<div class=\"elementor-element elementor-element-a23aff1 elementor-widget elementor-widget-progress\" data-id=\"a23aff1\" data-element_type=\"widget\" data-e-type=\"widget\" data-widget_type=\"progress.default\">\n\t\t\t\t<div class=\"elementor-widget-container\">\n\t\t\t\t\t\t\t\t<span class=\"elementor-title\" id=\"elementor-progress-bar-a23aff1\">\n\t\t\t\tIdea\t\t\t<\/span>\n\t\t\n\t\t<div aria-labelledby=\"elementor-progress-bar-a23aff1\" class=\"elementor-progress-wrapper progress-success\" role=\"progressbar\" aria-valuemin=\"0\" aria-valuemax=\"100\" aria-valuenow=\"97\" aria-valuetext=\"97% (Potential)\">\n\t\t\t<div class=\"elementor-progress-bar\" data-max=\"97\">\n\t\t\t\t<span class=\"elementor-progress-text\">Potential<\/span>\n\t\t\t\t\t\t\t\t\t<span class=\"elementor-progress-percentage\">97%<\/span>\n\t\t\t\t\t\t\t<\/div>\n\t\t<\/div>\n\t\t\t\t\t\t<\/div>\n\t\t\t\t<\/div>\n\t\t\t\t<div class=\"elementor-element elementor-element-142fa22d elementor-widget elementor-widget-spacer\" data-id=\"142fa22d\" data-element_type=\"widget\" data-e-type=\"widget\" data-widget_type=\"spacer.default\">\n\t\t\t\t<div class=\"elementor-widget-container\">\n\t\t\t\t\t\t\t<div class=\"elementor-spacer\">\n\t\t\t<div class=\"elementor-spacer-inner\"><\/div>\n\t\t<\/div>\n\t\t\t\t\t\t<\/div>\n\t\t\t\t<\/div>\n\t\t\t\t\t<\/div>\n\t\t<\/div>\n\t\t\t\t\t<\/div>\n\t\t<\/section>\n\t\t\t\t<section class=\"elementor-section elementor-top-section elementor-element elementor-element-1a891f96 elementor-section-boxed elementor-section-height-default elementor-section-height-default\" data-id=\"1a891f96\" data-element_type=\"section\" data-e-type=\"section\">\n\t\t\t\t\t\t<div class=\"elementor-container elementor-column-gap-default\">\n\t\t\t\t\t<div class=\"elementor-column elementor-col-25 elementor-top-column elementor-element elementor-element-68297f10\" data-id=\"68297f10\" data-element_type=\"column\" data-e-type=\"column\">\n\t\t\t<div class=\"elementor-widget-wrap elementor-element-populated\">\n\t\t\t\t\t\t<div class=\"elementor-element elementor-element-6a1aa033 premium-lq__none elementor-widget elementor-widget-premium-addon-button\" data-id=\"6a1aa033\" data-element_type=\"widget\" data-e-type=\"widget\" data-widget_type=\"premium-addon-button.default\">\n\t\t\t\t<div class=\"elementor-widget-container\">\n\t\t\t\t\t\n\n\t\t<a class=\"premium-button premium-button-none premium-btn-md premium-button-none\" href=\"https:\/\/gsd-eu.org\/outputs\/\">\n\t\t\t<div class=\"premium-button-text-icon-wrapper\">\n\t\t\t\t\n\t\t\t\t\t\t\t\t\t<span >\n\t\t\t\t\t\tBack\t\t\t\t\t<\/span>\n\t\t\t\t\t\t\t<\/div>\n\n\t\t\t\n\t\t\t\n\t\t\t\n\t\t<\/a>\n\n\n\t\t\t\t\t\t<\/div>\n\t\t\t\t<\/div>\n\t\t\t\t\t<\/div>\n\t\t<\/div>\n\t\t\t\t<div class=\"elementor-column elementor-col-25 elementor-top-column elementor-element elementor-element-628a835a\" data-id=\"628a835a\" data-element_type=\"column\" data-e-type=\"column\">\n\t\t\t<div class=\"elementor-widget-wrap\">\n\t\t\t\t\t\t\t<\/div>\n\t\t<\/div>\n\t\t\t\t<div class=\"elementor-column elementor-col-50 elementor-top-column elementor-element elementor-element-4effd4fb\" data-id=\"4effd4fb\" data-element_type=\"column\" data-e-type=\"column\">\n\t\t\t<div class=\"elementor-widget-wrap\">\n\t\t\t\t\t\t\t<\/div>\n\t\t<\/div>\n\t\t\t\t\t<\/div>\n\t\t<\/section>\n\t\t\t\t<\/div>\n\t\t","protected":false},"excerpt":{"rendered":"<p>Smarta Kartan \u2013 The Smart Map The Smart Map is a mapping of initiatives that promotes access over ownership, for instance bike kitchens where volunteers show you how to fix your bike, electric car pools, and solidarity fridges where anybody can leave and pick up food. Read more The first Smart Map was\u00a0created through\u00a0a collaboration [&hellip;]<\/p>\n","protected":false},"author":3,"featured_media":0,"parent":0,"menu_order":0,"comment_status":"closed","ping_status":"closed","template":"","meta":{"footnotes":""},"q21pr_SDG":[],"q21_community_exp":[],"q21_sdg_student":[],"class_list":["post-2195","page","type-page","status-publish","hentry"],"blocksy_meta":{"styles_descriptor":{"styles":{"desktop":"","tablet":"","mobile":""},"google_fonts":[],"version":6}},"_links":{"self":[{"href":"https:\/\/disc-eu.org\/index.php\/wp-json\/wp\/v2\/pages\/2195","targetHints":{"allow":["GET"]}}],"collection":[{"href":"https:\/\/disc-eu.org\/index.php\/wp-json\/wp\/v2\/pages"}],"about":[{"href":"https:\/\/disc-eu.org\/index.php\/wp-json\/wp\/v2\/types\/page"}],"author":[{"embeddable":true,"href":"https:\/\/disc-eu.org\/index.php\/wp-json\/wp\/v2\/users\/3"}],"replies":[{"embeddable":true,"href":"https:\/\/disc-eu.org\/index.php\/wp-json\/wp\/v2\/comments?post=2195"}],"version-history":[{"count":0,"href":"https:\/\/disc-eu.org\/index.php\/wp-json\/wp\/v2\/pages\/2195\/revisions"}],"wp:attachment":[{"href":"https:\/\/disc-eu.org\/index.php\/wp-json\/wp\/v2\/media?parent=2195"}],"wp:term":[{"taxonomy":"q21pr_SDG","embeddable":true,"href":"https:\/\/disc-eu.org\/index.php\/wp-json\/wp\/v2\/q21pr_SDG?post=2195"},{"taxonomy":"q21_community_exp","embeddable":true,"href":"https:\/\/disc-eu.org\/index.php\/wp-json\/wp\/v2\/q21_community_exp?post=2195"},{"taxonomy":"q21_sdg_student","embeddable":true,"href":"https:\/\/disc-eu.org\/index.php\/wp-json\/wp\/v2\/q21_sdg_student?post=2195"}],"curies":[{"name":"wp","href":"https:\/\/api.w.org\/{rel}","templated":true}]}}